{"id":3219,"date":"2025-12-05T13:50:56","date_gmt":"2025-12-05T12:50:56","guid":{"rendered":"https:\/\/www.hotelgoldgasse.at\/?page_id=3219"},"modified":"2025-12-05T13:52:51","modified_gmt":"2025-12-05T12:52:51","slug":"barrierefreiheit","status":"publish","type":"page","link":"https:\/\/www.hotelgoldgasse.at\/de\/barrierefreiheit\/","title":{"rendered":"Barrierefreiheit"},"content":{"rendered":"\t\t<div data-elementor-type=\"wp-page\" data-elementor-id=\"3219\" class=\"elementor elementor-3219\" data-elementor-post-type=\"page\">\n\t\t\t\t<main class=\"elementor-element elementor-element-658386c main p-8 e-flex e-con-boxed e-con e-parent\" data-id=\"658386c\" data-element_type=\"container\">\n\t\t\t\t\t<div class=\"e-con-inner\">\n\t\t<div class=\"elementor-element elementor-element-27f69d9 e-con-full content-grid e-flex e-con e-child\" data-id=\"27f69d9\" data-element_type=\"container\">\n\t\t\t\t<div class=\"elementor-element elementor-element-73bc666 grid-heading font-size-6xl mb-0 elementor-widget elementor-widget-heading\" data-id=\"73bc666\" data-element_type=\"widget\" data-aos=\"fade-right\" data-widget_type=\"heading.default\">\n\t\t\t\t<div class=\"elementor-widget-container\">\n\t\t\t\t\t<h1 class=\"elementor-heading-title elementor-size-default\">Barrierefreiheit<\/h1>\t\t\t\t<\/div>\n\t\t\t\t<\/div>\n\t\t\t\t<\/div>\n\t\t<div class=\"elementor-element elementor-element-fc57095 e-con-full content-grid e-flex e-con e-child\" data-id=\"fc57095\" data-element_type=\"container\">\n\t\t\t\t<div class=\"elementor-element elementor-element-09e3b30 grid-heading-text text-bronze-600 elementor-widget elementor-widget-heading\" data-id=\"09e3b30\" data-element_type=\"widget\" data-aos=\"fade-right\" data-widget_type=\"heading.default\">\n\t\t\t\t<div class=\"elementor-widget-container\">\n\t\t\t\t\t<h2 class=\"elementor-heading-title elementor-size-default\">Grundsatz<\/h2>\t\t\t\t<\/div>\n\t\t\t\t<\/div>\n\t\t\t\t<div class=\"elementor-element elementor-element-b31fd48 grid-text elementor-widget elementor-widget-text-editor\" data-id=\"b31fd48\" data-element_type=\"widget\" data-aos=\"fade-left\" data-aos-delay=\"300\" data-widget_type=\"text-editor.default\">\n\t\t\t\t<div class=\"elementor-widget-container\">\n\t\t\t\t\t\t\t\t\t<p>Die Hotel Amadeus GmbH ist bestrebt, digitale Barrierefreiheit f\u00fcr Menschen mit Behinderungen sicherzustellen. Wir arbeiten kontinuierlich daran, die Nutzererfahrung f\u00fcr alle zu verbessern und die relevanten Standards f\u00fcr Barrierefreiheit umzusetzen.<\/p>\t\t\t\t\t\t\t\t<\/div>\n\t\t\t\t<\/div>\n\t\t\t\t<\/div>\n\t\t<div class=\"elementor-element elementor-element-16793b5 e-con-full content-grid e-flex e-con e-child\" data-id=\"16793b5\" data-element_type=\"container\">\n\t\t\t\t<div class=\"elementor-element elementor-element-33db172 grid-heading-text text-bronze-600 elementor-widget elementor-widget-heading\" data-id=\"33db172\" data-element_type=\"widget\" data-aos=\"fade-right\" data-widget_type=\"heading.default\">\n\t\t\t\t<div class=\"elementor-widget-container\">\n\t\t\t\t\t<h2 class=\"elementor-heading-title elementor-size-default\">Konformit\u00e4tsstatus<\/h2>\t\t\t\t<\/div>\n\t\t\t\t<\/div>\n\t\t\t\t<div class=\"elementor-element elementor-element-d2191de grid-text elementor-widget elementor-widget-text-editor\" data-id=\"d2191de\" data-element_type=\"widget\" data-aos=\"fade-left\" data-aos-delay=\"300\" data-widget_type=\"text-editor.default\">\n\t\t\t\t<div class=\"elementor-widget-container\">\n\t\t\t\t\t\t\t\t\t<p>Die Web Content Accessibility Guidelines (WCAG) legen Anforderungen f\u00fcr Designer und Entwickler fest, um die Zug\u00e4nglichkeit f\u00fcr Menschen mit Behinderungen zu verbessern. Sie definieren drei Konformit\u00e4tsstufen: Stufe A, Stufe AA und Stufe AAA.<\/p><p>Die Hotel Amadeus GmbH unternimmt fortlaufende Anstrengungen, die Barrierefreiheit ihrer Website und Services zu verbessern. Wir sind \u00fcberzeugt, dass es unsere gemeinsame moralische Verpflichtung ist, Menschen mit Behinderungen eine nahtlose, zug\u00e4ngliche und uneingeschr\u00e4nkte Nutzung zu erm\u00f6glichen.<\/p><p>Wir sind bestrebt, alle Seiten und Inhalte auf https:\/\/www.hotelgoldgasse.at\/ barrierefrei zug\u00e4nglich zu machen. Dennoch kann es vorkommen, dass bestimmte Inhalte noch nicht vollst\u00e4ndig den h\u00f6chsten Barrierefreiheitsstandards entsprechen. Dies kann daran liegen, dass die passende technologische L\u00f6sung noch nicht gefunden wurde.<\/p><p>Wir behalten uns vor, diese Erkl\u00e4rung regelm\u00e4\u00dfig zu \u00fcberarbeiten, um Verbesserungen oder \u00c4nderungen unserer Ma\u00dfnahmen zur Barrierefreiheit zu ber\u00fccksichtigen.<\/p>\t\t\t\t\t\t\t\t<\/div>\n\t\t\t\t<\/div>\n\t\t\t\t<\/div>\n\t\t<div class=\"elementor-element elementor-element-46a1554 e-con-full content-grid e-flex e-con e-child\" data-id=\"46a1554\" data-element_type=\"container\">\n\t\t\t\t<div class=\"elementor-element elementor-element-3ab0df5 grid-heading-text text-bronze-600 elementor-widget elementor-widget-heading\" data-id=\"3ab0df5\" data-element_type=\"widget\" data-aos=\"fade-right\" data-widget_type=\"heading.default\">\n\t\t\t\t<div class=\"elementor-widget-container\">\n\t\t\t\t\t<h2 class=\"elementor-heading-title elementor-size-default\">Feedback<\/h2>\t\t\t\t<\/div>\n\t\t\t\t<\/div>\n\t\t\t\t<div class=\"elementor-element elementor-element-6307183 grid-text elementor-widget elementor-widget-text-editor\" data-id=\"6307183\" data-element_type=\"widget\" data-aos=\"fade-left\" data-aos-delay=\"300\" data-widget_type=\"text-editor.default\">\n\t\t\t\t<div class=\"elementor-widget-container\">\n\t\t\t\t\t\t\t\t\t<p>Wir freuen uns \u00fcber Ihr Feedback zur Barrierefreiheit der Website der Hotel Amadeus GmbH. Bitte informieren Sie uns, wenn Sie auf Barrieren sto\u00dfen:<\/p><p><a href=\"mailto:info@hotelgoldgasse.at\">info@hotelgoldgasse.at<\/a><\/p>\t\t\t\t\t\t\t\t<\/div>\n\t\t\t\t<\/div>\n\t\t\t\t<\/div>\n\t\t\t\t\t<\/div>\n\t\t\t\t<\/main>\n\t\t\t\t<\/div>\n\t\t","protected":false},"excerpt":{"rendered":"<p>Grundsatz Die Hotel Amadeus GmbH ist bestrebt, digitale Barrierefreiheit f\u00fcr Menschen mit Behinderungen sicherzustellen. Wir arbeiten kontinuierlich daran, die Nutzererfahrung f\u00fcr alle zu verbessern und die relevanten Standards f\u00fcr Barrierefreiheit umzusetzen. Konformit\u00e4tsstatus Die Web Content Accessibility Guidelines (WCAG) legen Anforderungen f\u00fcr Designer und Entwickler fest, um die Zug\u00e4nglichkeit f\u00fcr Menschen mit Behinderungen zu verbessern. Sie [&hellip;]<\/p>\n","protected":false},"author":1,"featured_media":0,"parent":0,"menu_order":0,"comment_status":"closed","ping_status":"closed","template":"","meta":{"_acf_changed":false,"footnotes":""},"class_list":["post-3219","page","type-page","status-publish","hentry"],"acf":[],"yoast_head":"<!-- This site is optimized with the Yoast SEO plugin v27.5 - https:\/\/yoast.com\/product\/yoast-seo-wordpress\/ -->\n<title>Barrierefreiheit - Hotel Goldgasse<\/title>\n<meta name=\"robots\" content=\"index, follow, max-snippet:-1, max-image-preview:large, max-video-preview:-1\" \/>\n<link rel=\"canonical\" href=\"https:\/\/www.hotelgoldgasse.at\/de\/barrierefreiheit\/\" \/>\n<meta property=\"og:locale\" content=\"de_DE\" \/>\n<meta property=\"og:type\" content=\"article\" \/>\n<meta property=\"og:title\" content=\"Barrierefreiheit - Hotel Goldgasse\" \/>\n<meta property=\"og:description\" content=\"Grundsatz Die Hotel Amadeus GmbH ist bestrebt, digitale Barrierefreiheit f\u00fcr Menschen mit Behinderungen sicherzustellen. Wir arbeiten kontinuierlich daran, die Nutzererfahrung f\u00fcr alle zu verbessern und die relevanten Standards f\u00fcr Barrierefreiheit umzusetzen. Konformit\u00e4tsstatus Die Web Content Accessibility Guidelines (WCAG) legen Anforderungen f\u00fcr Designer und Entwickler fest, um die Zug\u00e4nglichkeit f\u00fcr Menschen mit Behinderungen zu verbessern. Sie [&hellip;]\" \/>\n<meta property=\"og:url\" content=\"https:\/\/www.hotelgoldgasse.at\/de\/barrierefreiheit\/\" \/>\n<meta property=\"og:site_name\" content=\"Hotel Goldgasse\" \/>\n<meta property=\"article:publisher\" content=\"https:\/\/www.facebook.com\/hotelgoldgasse\/\" \/>\n<meta property=\"article:modified_time\" content=\"2025-12-05T12:52:51+00:00\" \/>\n<meta name=\"twitter:card\" content=\"summary_large_image\" \/>\n<meta name=\"twitter:label1\" content=\"Gesch\u00e4tzte Lesezeit\" \/>\n\t<meta name=\"twitter:data1\" content=\"2\u00a0Minuten\" \/>\n<script type=\"application\/ld+json\" class=\"yoast-schema-graph\">{\"@context\":\"https:\\\/\\\/schema.org\",\"@graph\":[{\"@type\":\"WebPage\",\"@id\":\"https:\\\/\\\/www.hotelgoldgasse.at\\\/de\\\/barrierefreiheit\\\/\",\"url\":\"https:\\\/\\\/www.hotelgoldgasse.at\\\/de\\\/barrierefreiheit\\\/\",\"name\":\"Barrierefreiheit - Hotel Goldgasse\",\"isPartOf\":{\"@id\":\"https:\\\/\\\/www.hotelgoldgasse.at\\\/de\\\/#website\"},\"datePublished\":\"2025-12-05T12:50:56+00:00\",\"dateModified\":\"2025-12-05T12:52:51+00:00\",\"breadcrumb\":{\"@id\":\"https:\\\/\\\/www.hotelgoldgasse.at\\\/de\\\/barrierefreiheit\\\/#breadcrumb\"},\"inLanguage\":\"de\",\"potentialAction\":[{\"@type\":\"ReadAction\",\"target\":[\"https:\\\/\\\/www.hotelgoldgasse.at\\\/de\\\/barrierefreiheit\\\/\"]}]},{\"@type\":\"BreadcrumbList\",\"@id\":\"https:\\\/\\\/www.hotelgoldgasse.at\\\/de\\\/barrierefreiheit\\\/#breadcrumb\",\"itemListElement\":[{\"@type\":\"ListItem\",\"position\":1,\"name\":\"Startseite\",\"item\":\"https:\\\/\\\/www.hotelgoldgasse.at\\\/de\\\/\"},{\"@type\":\"ListItem\",\"position\":2,\"name\":\"Barrierefreiheit\"}]},{\"@type\":\"WebSite\",\"@id\":\"https:\\\/\\\/www.hotelgoldgasse.at\\\/de\\\/#website\",\"url\":\"https:\\\/\\\/www.hotelgoldgasse.at\\\/de\\\/\",\"name\":\"Hotel Goldgasse\",\"description\":\"Hotel Goldgasse\",\"publisher\":{\"@id\":\"https:\\\/\\\/www.hotelgoldgasse.at\\\/de\\\/#organization\"},\"potentialAction\":[{\"@type\":\"SearchAction\",\"target\":{\"@type\":\"EntryPoint\",\"urlTemplate\":\"https:\\\/\\\/www.hotelgoldgasse.at\\\/de\\\/?s={search_term_string}\"},\"query-input\":{\"@type\":\"PropertyValueSpecification\",\"valueRequired\":true,\"valueName\":\"search_term_string\"}}],\"inLanguage\":\"de\"},{\"@type\":\"Organization\",\"@id\":\"https:\\\/\\\/www.hotelgoldgasse.at\\\/de\\\/#organization\",\"name\":\"Hotel Goldgasse\",\"url\":\"https:\\\/\\\/www.hotelgoldgasse.at\\\/de\\\/\",\"logo\":{\"@type\":\"ImageObject\",\"inLanguage\":\"de\",\"@id\":\"https:\\\/\\\/www.hotelgoldgasse.at\\\/de\\\/#\\\/schema\\\/logo\\\/image\\\/\",\"url\":\"https:\\\/\\\/www.hotelgoldgasse.at\\\/content\\\/uploads\\\/hotel-goldgasse-logo-short.svg\",\"contentUrl\":\"https:\\\/\\\/www.hotelgoldgasse.at\\\/content\\\/uploads\\\/hotel-goldgasse-logo-short.svg\",\"width\":414,\"height\":48,\"caption\":\"Hotel Goldgasse\"},\"image\":{\"@id\":\"https:\\\/\\\/www.hotelgoldgasse.at\\\/de\\\/#\\\/schema\\\/logo\\\/image\\\/\"},\"sameAs\":[\"https:\\\/\\\/www.facebook.com\\\/hotelgoldgasse\\\/\",\"https:\\\/\\\/www.instagram.com\\\/hotel_goldgasse_salzburg\\\/\"]}]}<\/script>\n<!-- \/ Yoast SEO plugin. -->","yoast_head_json":{"title":"Barrierefreiheit - Hotel Goldgasse","robots":{"index":"index","follow":"follow","max-snippet":"max-snippet:-1","max-image-preview":"max-image-preview:large","max-video-preview":"max-video-preview:-1"},"canonical":"https:\/\/www.hotelgoldgasse.at\/de\/barrierefreiheit\/","og_locale":"de_DE","og_type":"article","og_title":"Barrierefreiheit - Hotel Goldgasse","og_description":"Grundsatz Die Hotel Amadeus GmbH ist bestrebt, digitale Barrierefreiheit f\u00fcr Menschen mit Behinderungen sicherzustellen. Wir arbeiten kontinuierlich daran, die Nutzererfahrung f\u00fcr alle zu verbessern und die relevanten Standards f\u00fcr Barrierefreiheit umzusetzen. Konformit\u00e4tsstatus Die Web Content Accessibility Guidelines (WCAG) legen Anforderungen f\u00fcr Designer und Entwickler fest, um die Zug\u00e4nglichkeit f\u00fcr Menschen mit Behinderungen zu verbessern. Sie [&hellip;]","og_url":"https:\/\/www.hotelgoldgasse.at\/de\/barrierefreiheit\/","og_site_name":"Hotel Goldgasse","article_publisher":"https:\/\/www.facebook.com\/hotelgoldgasse\/","article_modified_time":"2025-12-05T12:52:51+00:00","twitter_card":"summary_large_image","twitter_misc":{"Gesch\u00e4tzte Lesezeit":"2\u00a0Minuten"},"schema":{"@context":"https:\/\/schema.org","@graph":[{"@type":"WebPage","@id":"https:\/\/www.hotelgoldgasse.at\/de\/barrierefreiheit\/","url":"https:\/\/www.hotelgoldgasse.at\/de\/barrierefreiheit\/","name":"Barrierefreiheit - Hotel Goldgasse","isPartOf":{"@id":"https:\/\/www.hotelgoldgasse.at\/de\/#website"},"datePublished":"2025-12-05T12:50:56+00:00","dateModified":"2025-12-05T12:52:51+00:00","breadcrumb":{"@id":"https:\/\/www.hotelgoldgasse.at\/de\/barrierefreiheit\/#breadcrumb"},"inLanguage":"de","potentialAction":[{"@type":"ReadAction","target":["https:\/\/www.hotelgoldgasse.at\/de\/barrierefreiheit\/"]}]},{"@type":"BreadcrumbList","@id":"https:\/\/www.hotelgoldgasse.at\/de\/barrierefreiheit\/#breadcrumb","itemListElement":[{"@type":"ListItem","position":1,"name":"Startseite","item":"https:\/\/www.hotelgoldgasse.at\/de\/"},{"@type":"ListItem","position":2,"name":"Barrierefreiheit"}]},{"@type":"WebSite","@id":"https:\/\/www.hotelgoldgasse.at\/de\/#website","url":"https:\/\/www.hotelgoldgasse.at\/de\/","name":"Hotel Goldgasse","description":"Hotel Goldgasse","publisher":{"@id":"https:\/\/www.hotelgoldgasse.at\/de\/#organization"},"potentialAction":[{"@type":"SearchAction","target":{"@type":"EntryPoint","urlTemplate":"https:\/\/www.hotelgoldgasse.at\/de\/?s={search_term_string}"},"query-input":{"@type":"PropertyValueSpecification","valueRequired":true,"valueName":"search_term_string"}}],"inLanguage":"de"},{"@type":"Organization","@id":"https:\/\/www.hotelgoldgasse.at\/de\/#organization","name":"Hotel Goldgasse","url":"https:\/\/www.hotelgoldgasse.at\/de\/","logo":{"@type":"ImageObject","inLanguage":"de","@id":"https:\/\/www.hotelgoldgasse.at\/de\/#\/schema\/logo\/image\/","url":"https:\/\/www.hotelgoldgasse.at\/content\/uploads\/hotel-goldgasse-logo-short.svg","contentUrl":"https:\/\/www.hotelgoldgasse.at\/content\/uploads\/hotel-goldgasse-logo-short.svg","width":414,"height":48,"caption":"Hotel Goldgasse"},"image":{"@id":"https:\/\/www.hotelgoldgasse.at\/de\/#\/schema\/logo\/image\/"},"sameAs":["https:\/\/www.facebook.com\/hotelgoldgasse\/","https:\/\/www.instagram.com\/hotel_goldgasse_salzburg\/"]}]}},"_links":{"self":[{"href":"https:\/\/www.hotelgoldgasse.at\/de\/wp-json\/wp\/v2\/pages\/3219","targetHints":{"allow":["GET"]}}],"collection":[{"href":"https:\/\/www.hotelgoldgasse.at\/de\/wp-json\/wp\/v2\/pages"}],"about":[{"href":"https:\/\/www.hotelgoldgasse.at\/de\/wp-json\/wp\/v2\/types\/page"}],"author":[{"embeddable":true,"href":"https:\/\/www.hotelgoldgasse.at\/de\/wp-json\/wp\/v2\/users\/1"}],"replies":[{"embeddable":true,"href":"https:\/\/www.hotelgoldgasse.at\/de\/wp-json\/wp\/v2\/comments?post=3219"}],"version-history":[{"count":2,"href":"https:\/\/www.hotelgoldgasse.at\/de\/wp-json\/wp\/v2\/pages\/3219\/revisions"}],"predecessor-version":[{"id":3223,"href":"https:\/\/www.hotelgoldgasse.at\/de\/wp-json\/wp\/v2\/pages\/3219\/revisions\/3223"}],"wp:attachment":[{"href":"https:\/\/www.hotelgoldgasse.at\/de\/wp-json\/wp\/v2\/media?parent=3219"}],"curies":[{"name":"wp","href":"https:\/\/api.w.org\/{rel}","templated":true}]}}