{"id":655,"date":"2025-02-25T16:57:31","date_gmt":"2025-02-25T15:57:31","guid":{"rendered":"http:\/\/hotelgoldgasse.at.w01ff341.kasserver.com\/?page_id=655"},"modified":"2025-05-06T15:41:55","modified_gmt":"2025-05-06T13:41:55","slug":"gutscheine","status":"publish","type":"page","link":"https:\/\/www.hotelgoldgasse.at\/de\/gutscheine\/","title":{"rendered":"Gutscheine"},"content":{"rendered":"\t\t<div data-elementor-type=\"wp-page\" data-elementor-id=\"655\" class=\"elementor elementor-655\" data-elementor-post-type=\"page\">\n\t\t\t\t<main class=\"elementor-element elementor-element-f10722f main p-8 e-flex e-con-boxed e-con e-parent\" data-id=\"f10722f\" data-element_type=\"container\">\n\t\t\t\t\t<div class=\"e-con-inner\">\n\t\t<div class=\"elementor-element elementor-element-a5db893 e-con-full content-grid gap-y-5  align-items-end e-flex e-con e-child\" data-id=\"a5db893\" data-element_type=\"container\">\n\t\t\t\t<div class=\"elementor-element elementor-element-1d93866 grid-heading-info-text mb-0 elementor-widget elementor-widget-heading\" data-id=\"1d93866\" data-element_type=\"widget\" data-aos=\"fade-right\" data-widget_type=\"heading.default\">\n\t\t\t\t<div class=\"elementor-widget-container\">\n\t\t\t\t\t<h1 class=\"elementor-heading-title elementor-size-default\">Augenblicke im Hotel Goldgasse schenken, die nie wieder vergessen werden.<\/h1>\t\t\t\t<\/div>\n\t\t\t\t<\/div>\n\t\t\t\t<div class=\"elementor-element elementor-element-f57c9c9 grid-info-text-subline info-text elementor-widget elementor-widget-heading\" data-id=\"f57c9c9\" data-element_type=\"widget\" data-aos=\"fade-left\" data-aos-delay=\"300\" data-widget_type=\"heading.default\">\n\t\t\t\t<div class=\"elementor-widget-container\">\n\t\t\t\t\t<p class=\"elementor-heading-title elementor-size-default\">Wer die Begeisterung f\u00fcr unser Haus teilt, m\u00f6chte auch andere daran teilhaben lassen. Und was w\u00fcrde sich da besser eignen, als ein Gutschein f\u00fcr einen Aufenthalt in unserem Hotel Goldgasse in Salzburg?<\/p>\t\t\t\t<\/div>\n\t\t\t\t<\/div>\n\t\t\t\t<\/div>\n\t\t<div class=\"elementor-element elementor-element-6166c1c e-con-full content-grid gap-y-5  align-items-end e-flex e-con e-child\" data-id=\"6166c1c\" data-element_type=\"container\">\n\t\t\t\t<div class=\"elementor-element elementor-element-80343c1 elementor-widget elementor-widget-html\" data-id=\"80343c1\" data-element_type=\"widget\" data-widget_type=\"html.default\">\n\t\t\t\t<div class=\"elementor-widget-container\">\n\t\t\t\t\t<div id=\"myIncertIframe\"><\/div>\n<script type=\"text\/javascript\">\n!function(i,n,c,e,r,t,s,h,o,p){\n  i[e]=i[e]||function(){(i[e].q=i[e].q||[]).push([].slice.call(arguments))},\n  p=n.createElement(c),p.src=r,\n  p.onload=function(){IncertClass.n=e,incertIframe(t,s,h)},n.head.appendChild(p)\n}(window, document, \"SCRIPT\", \"inc\",\n  \"https:\/\/myincert.com\/public\/api\/incertClient.js\", \"myIncertIframe\",\n  \"https:\/\/amadeus5020.traumgutscheine.com\/start.php?language=de&gotoprod=56&style=HOTEL_Goldgasse\");\n<\/script>\t\t\t\t<\/div>\n\t\t\t\t<\/div>\n\t\t\t\t<\/div>\n\t\t\t\t\t<\/div>\n\t\t\t\t<\/main>\n\t\t\t\t<\/div>\n\t\t","protected":false},"excerpt":{"rendered":"<p>Augenblicke im Hotel Goldgasse schenken, die nie wieder vergessen werden. Wer die Begeisterung f\u00fcr unser Haus teilt, m\u00f6chte auch andere daran teilhaben lassen. Und was w\u00fcrde sich da besser eignen, als ein Gutschein f\u00fcr einen Aufenthalt in unserem Hotel Goldgasse in Salzburg?<\/p>\n","protected":false},"author":1,"featured_media":0,"parent":0,"menu_order":0,"comment_status":"closed","ping_status":"closed","template":"elementor_header_footer","meta":{"_acf_changed":false,"footnotes":""},"class_list":["post-655","page","type-page","status-publish","hentry"],"acf":[],"yoast_head":"<!-- This site is optimized with the Yoast SEO plugin v27.5 - https:\/\/yoast.com\/product\/yoast-seo-wordpress\/ -->\n<title>Gutscheine f\u00fcr das Hotel Goldgasse in Salzburg<\/title>\n<meta name=\"description\" content=\"\u00dcberraschen Sie Ihre Liebsten mit einem Geschenkgutschein f\u00fcr einen luxuri\u00f6sen Urlaub im Hotel Goldgasse im Zentrum von Salzburg!\" \/>\n<meta name=\"robots\" content=\"index, follow, max-snippet:-1, max-image-preview:large, max-video-preview:-1\" \/>\n<link rel=\"canonical\" href=\"https:\/\/www.hotelgoldgasse.at\/de\/gutscheine\/\" \/>\n<meta property=\"og:locale\" content=\"de_DE\" \/>\n<meta property=\"og:type\" content=\"article\" \/>\n<meta property=\"og:title\" content=\"Gutscheine f\u00fcr das Hotel Goldgasse in Salzburg\" \/>\n<meta property=\"og:description\" content=\"\u00dcberraschen Sie Ihre Liebsten mit einem Geschenkgutschein f\u00fcr einen luxuri\u00f6sen Urlaub im Hotel Goldgasse im Zentrum von Salzburg!\" \/>\n<meta property=\"og:url\" content=\"https:\/\/www.hotelgoldgasse.at\/de\/gutscheine\/\" \/>\n<meta property=\"og:site_name\" content=\"Hotel Goldgasse\" \/>\n<meta property=\"article:publisher\" content=\"https:\/\/www.facebook.com\/hotelgoldgasse\/\" \/>\n<meta property=\"article:modified_time\" content=\"2025-05-06T13:41:55+00:00\" \/>\n<meta name=\"twitter:card\" content=\"summary_large_image\" \/>\n<meta name=\"twitter:label1\" content=\"Gesch\u00e4tzte Lesezeit\" \/>\n\t<meta name=\"twitter:data1\" content=\"1\u00a0Minute\" \/>\n<script type=\"application\/ld+json\" class=\"yoast-schema-graph\">{\"@context\":\"https:\\\/\\\/schema.org\",\"@graph\":[{\"@type\":\"WebPage\",\"@id\":\"https:\\\/\\\/www.hotelgoldgasse.at\\\/de\\\/gutscheine\\\/\",\"url\":\"https:\\\/\\\/www.hotelgoldgasse.at\\\/de\\\/gutscheine\\\/\",\"name\":\"Gutscheine f\u00fcr das Hotel Goldgasse in Salzburg\",\"isPartOf\":{\"@id\":\"https:\\\/\\\/www.hotelgoldgasse.at\\\/de\\\/#website\"},\"datePublished\":\"2025-02-25T15:57:31+00:00\",\"dateModified\":\"2025-05-06T13:41:55+00:00\",\"description\":\"\u00dcberraschen Sie Ihre Liebsten mit einem Geschenkgutschein f\u00fcr einen luxuri\u00f6sen Urlaub im Hotel Goldgasse im Zentrum von Salzburg!\",\"breadcrumb\":{\"@id\":\"https:\\\/\\\/www.hotelgoldgasse.at\\\/de\\\/gutscheine\\\/#breadcrumb\"},\"inLanguage\":\"de\",\"potentialAction\":[{\"@type\":\"ReadAction\",\"target\":[\"https:\\\/\\\/www.hotelgoldgasse.at\\\/de\\\/gutscheine\\\/\"]}]},{\"@type\":\"BreadcrumbList\",\"@id\":\"https:\\\/\\\/www.hotelgoldgasse.at\\\/de\\\/gutscheine\\\/#breadcrumb\",\"itemListElement\":[{\"@type\":\"ListItem\",\"position\":1,\"name\":\"Startseite\",\"item\":\"https:\\\/\\\/www.hotelgoldgasse.at\\\/de\\\/\"},{\"@type\":\"ListItem\",\"position\":2,\"name\":\"Gutscheine\"}]},{\"@type\":\"WebSite\",\"@id\":\"https:\\\/\\\/www.hotelgoldgasse.at\\\/de\\\/#website\",\"url\":\"https:\\\/\\\/www.hotelgoldgasse.at\\\/de\\\/\",\"name\":\"Hotel Goldgasse\",\"description\":\"Hotel Goldgasse\",\"publisher\":{\"@id\":\"https:\\\/\\\/www.hotelgoldgasse.at\\\/de\\\/#organization\"},\"potentialAction\":[{\"@type\":\"SearchAction\",\"target\":{\"@type\":\"EntryPoint\",\"urlTemplate\":\"https:\\\/\\\/www.hotelgoldgasse.at\\\/de\\\/?s={search_term_string}\"},\"query-input\":{\"@type\":\"PropertyValueSpecification\",\"valueRequired\":true,\"valueName\":\"search_term_string\"}}],\"inLanguage\":\"de\"},{\"@type\":\"Organization\",\"@id\":\"https:\\\/\\\/www.hotelgoldgasse.at\\\/de\\\/#organization\",\"name\":\"Hotel Goldgasse\",\"url\":\"https:\\\/\\\/www.hotelgoldgasse.at\\\/de\\\/\",\"logo\":{\"@type\":\"ImageObject\",\"inLanguage\":\"de\",\"@id\":\"https:\\\/\\\/www.hotelgoldgasse.at\\\/de\\\/#\\\/schema\\\/logo\\\/image\\\/\",\"url\":\"https:\\\/\\\/www.hotelgoldgasse.at\\\/content\\\/uploads\\\/hotel-goldgasse-logo-short.svg\",\"contentUrl\":\"https:\\\/\\\/www.hotelgoldgasse.at\\\/content\\\/uploads\\\/hotel-goldgasse-logo-short.svg\",\"width\":414,\"height\":48,\"caption\":\"Hotel Goldgasse\"},\"image\":{\"@id\":\"https:\\\/\\\/www.hotelgoldgasse.at\\\/de\\\/#\\\/schema\\\/logo\\\/image\\\/\"},\"sameAs\":[\"https:\\\/\\\/www.facebook.com\\\/hotelgoldgasse\\\/\",\"https:\\\/\\\/www.instagram.com\\\/hotel_goldgasse_salzburg\\\/\"]}]}<\/script>\n<!-- \/ Yoast SEO plugin. -->","yoast_head_json":{"title":"Gutscheine f\u00fcr das Hotel Goldgasse in Salzburg","description":"\u00dcberraschen Sie Ihre Liebsten mit einem Geschenkgutschein f\u00fcr einen luxuri\u00f6sen Urlaub im Hotel Goldgasse im Zentrum von Salzburg!","robots":{"index":"index","follow":"follow","max-snippet":"max-snippet:-1","max-image-preview":"max-image-preview:large","max-video-preview":"max-video-preview:-1"},"canonical":"https:\/\/www.hotelgoldgasse.at\/de\/gutscheine\/","og_locale":"de_DE","og_type":"article","og_title":"Gutscheine f\u00fcr das Hotel Goldgasse in Salzburg","og_description":"\u00dcberraschen Sie Ihre Liebsten mit einem Geschenkgutschein f\u00fcr einen luxuri\u00f6sen Urlaub im Hotel Goldgasse im Zentrum von Salzburg!","og_url":"https:\/\/www.hotelgoldgasse.at\/de\/gutscheine\/","og_site_name":"Hotel Goldgasse","article_publisher":"https:\/\/www.facebook.com\/hotelgoldgasse\/","article_modified_time":"2025-05-06T13:41:55+00:00","twitter_card":"summary_large_image","twitter_misc":{"Gesch\u00e4tzte Lesezeit":"1\u00a0Minute"},"schema":{"@context":"https:\/\/schema.org","@graph":[{"@type":"WebPage","@id":"https:\/\/www.hotelgoldgasse.at\/de\/gutscheine\/","url":"https:\/\/www.hotelgoldgasse.at\/de\/gutscheine\/","name":"Gutscheine f\u00fcr das Hotel Goldgasse in Salzburg","isPartOf":{"@id":"https:\/\/www.hotelgoldgasse.at\/de\/#website"},"datePublished":"2025-02-25T15:57:31+00:00","dateModified":"2025-05-06T13:41:55+00:00","description":"\u00dcberraschen Sie Ihre Liebsten mit einem Geschenkgutschein f\u00fcr einen luxuri\u00f6sen Urlaub im Hotel Goldgasse im Zentrum von Salzburg!","breadcrumb":{"@id":"https:\/\/www.hotelgoldgasse.at\/de\/gutscheine\/#breadcrumb"},"inLanguage":"de","potentialAction":[{"@type":"ReadAction","target":["https:\/\/www.hotelgoldgasse.at\/de\/gutscheine\/"]}]},{"@type":"BreadcrumbList","@id":"https:\/\/www.hotelgoldgasse.at\/de\/gutscheine\/#breadcrumb","itemListElement":[{"@type":"ListItem","position":1,"name":"Startseite","item":"https:\/\/www.hotelgoldgasse.at\/de\/"},{"@type":"ListItem","position":2,"name":"Gutscheine"}]},{"@type":"WebSite","@id":"https:\/\/www.hotelgoldgasse.at\/de\/#website","url":"https:\/\/www.hotelgoldgasse.at\/de\/","name":"Hotel Goldgasse","description":"Hotel Goldgasse","publisher":{"@id":"https:\/\/www.hotelgoldgasse.at\/de\/#organization"},"potentialAction":[{"@type":"SearchAction","target":{"@type":"EntryPoint","urlTemplate":"https:\/\/www.hotelgoldgasse.at\/de\/?s={search_term_string}"},"query-input":{"@type":"PropertyValueSpecification","valueRequired":true,"valueName":"search_term_string"}}],"inLanguage":"de"},{"@type":"Organization","@id":"https:\/\/www.hotelgoldgasse.at\/de\/#organization","name":"Hotel Goldgasse","url":"https:\/\/www.hotelgoldgasse.at\/de\/","logo":{"@type":"ImageObject","inLanguage":"de","@id":"https:\/\/www.hotelgoldgasse.at\/de\/#\/schema\/logo\/image\/","url":"https:\/\/www.hotelgoldgasse.at\/content\/uploads\/hotel-goldgasse-logo-short.svg","contentUrl":"https:\/\/www.hotelgoldgasse.at\/content\/uploads\/hotel-goldgasse-logo-short.svg","width":414,"height":48,"caption":"Hotel Goldgasse"},"image":{"@id":"https:\/\/www.hotelgoldgasse.at\/de\/#\/schema\/logo\/image\/"},"sameAs":["https:\/\/www.facebook.com\/hotelgoldgasse\/","https:\/\/www.instagram.com\/hotel_goldgasse_salzburg\/"]}]}},"_links":{"self":[{"href":"https:\/\/www.hotelgoldgasse.at\/de\/wp-json\/wp\/v2\/pages\/655","targetHints":{"allow":["GET"]}}],"collection":[{"href":"https:\/\/www.hotelgoldgasse.at\/de\/wp-json\/wp\/v2\/pages"}],"about":[{"href":"https:\/\/www.hotelgoldgasse.at\/de\/wp-json\/wp\/v2\/types\/page"}],"author":[{"embeddable":true,"href":"https:\/\/www.hotelgoldgasse.at\/de\/wp-json\/wp\/v2\/users\/1"}],"replies":[{"embeddable":true,"href":"https:\/\/www.hotelgoldgasse.at\/de\/wp-json\/wp\/v2\/comments?post=655"}],"version-history":[{"count":1,"href":"https:\/\/www.hotelgoldgasse.at\/de\/wp-json\/wp\/v2\/pages\/655\/revisions"}],"predecessor-version":[{"id":2731,"href":"https:\/\/www.hotelgoldgasse.at\/de\/wp-json\/wp\/v2\/pages\/655\/revisions\/2731"}],"wp:attachment":[{"href":"https:\/\/www.hotelgoldgasse.at\/de\/wp-json\/wp\/v2\/media?parent=655"}],"curies":[{"name":"wp","href":"https:\/\/api.w.org\/{rel}","templated":true}]}}